{"id":256,"date":"2015-08-05T11:37:30","date_gmt":"2015-08-05T09:37:30","guid":{"rendered":"https:\/\/heliotron.com\/wp\/flexilight\/?page_id=256"},"modified":"2020-05-15T10:35:35","modified_gmt":"2020-05-15T08:35:35","slug":"anwendungsbeispiele","status":"publish","type":"page","link":"https:\/\/www.heliotron.com\/flexilight\/produkte\/anwendungsbeispiele\/","title":{"rendered":"Anwendungsbeispiele"},"content":{"rendered":"[mk_page_section bg_image=&#8220;https:\/\/www.heliotron.com\/flexilight\/wp-content\/uploads\/sites\/2\/FlexiLight_Flammen_gelb_Fluessigwachskerzen.jpg&#8220; bg_position=&#8220;center center&#8220; bg_stretch=&#8220;true&#8220; enable_3d=&#8220;true&#8220; min_height=&#8220;500&#8243; padding_top=&#8220;0&#8243; padding_bottom=&#8220;0&#8243; sidebar=&#8220;sidebar-1&#8243;][vc_column][mk_padding_divider size=&#8220;250&#8243;][mk_fancy_title color=&#8220;#666666&#8243; size=&#8220;34&#8243; letter_spacing=&#8220;3&#8243; font_family=&#8220;none&#8220; el_class=&#8220;schatten-headline&#8220;]<span style=\"color: #ffffff;\">Anwendungsbeispiele<\/span>[\/mk_fancy_title][vc_column_text animation=&#8220;fade-in&#8220; el_class=&#8220;schatten-headline&#8220;]\n<p style=\"text-align: justify;\"><span style=\"color: #ffffff;\">Als Inspiration finden Sie hier allerlei Anwendungsbeispiele f\u00fcr unsere Produkte. Ob mit FlexiLight Dauerkerzen, Tischleuchten oder auch Fl\u00fcssigwachseins\u00e4tzen.<\/span><\/p>\n[\/vc_column_text][\/vc_column][\/mk_page_section][mk_page_section full_width=&#8220;true&#8220; padding_top=&#8220;0&#8243; padding_bottom=&#8220;0&#8243; sidebar=&#8220;sidebar-1&#8243;][vc_column][mk_portfolio style=&#8220;masonry&#8220; hover_scenarios=&#8220;light-zoomin&#8220; permalink_icon=&#8220;false&#8220; count=&#8220;-1&#8243; sortable_style=&#8220;outline&#8220; sortable_bg_color=&#8220;#ffffff&#8220; sortable_txt_color=&#8220;#c21718&#8243; pagination_style=&#8220;3&#8243; orderby=&#8220;rand&#8220; disable_permalink=&#8220;false&#8220; categories=&#8220;Fr\u00fchling, Sommer, Fu\u00dfball, Hochzeit, Geburtstag, Herbst, Ostern, Weihnachten, Winter&#8220; item_id=&#8220;1456151538-56cb1bf209c8a&#8220;][\/vc_column][\/mk_page_section][mk_page_section bg_color=&#8220;#c21718&#8243; top_shadow=&#8220;true&#8220; min_height=&#8220;0&#8243; el_class=&#8220;block-btn&#8220; sidebar=&#8220;sidebar-1&#8243;][vc_column width=&#8220;2\/3&#8243;][mk_padding_divider size=&#8220;35&#8243;][mk_fancy_title color=&#8220;#ffffff&#8220; size=&#8220;24&#8243; txt_transform=&#8220;uppercase&#8220; letter_spacing=&#8220;3&#8243; margin_bottom=&#8220;0&#8243; font_family=&#8220;OLRoundGothic-Light&#8220; font_type=&#8220;fontface&#8220; align=&#8220;right&#8220;]Neugierig gemacht? Hier finden Sie\u00a0unsere Produktkategorien[\/mk_fancy_title][\/vc_column][vc_column width=&#8220;1\/3&#8243;][mk_padding_divider size=&#8220;37&#8243;][mk_button dimension=&#8220;outline&#8220; size=&#8220;large&#8220; url=&#8220;\/flexilight\/produktkategorien\/&#8220; outline_skin=&#8220;light&#8220;]Produktkategorien[\/mk_button][\/vc_column][\/mk_page_section]\n","protected":false},"excerpt":{"rendered":"<p>[mk_page_section bg_image=&#8220;https:\/\/www.heliotron.com\/flexilight\/wp-content\/uploads\/sites\/2\/FlexiLight_Flammen_gelb_Fluessigwachskerzen.jpg&#8220; bg_position=&#8220;center center&#8220; bg_stretch=&#8220;true&#8220; enable_3d=&#8220;true&#8220; min_height=&#8220;500&#8243; padding_top=&#8220;0&#8243; padding_bottom=&#8220;0&#8243; sidebar=&#8220;sidebar-1&#8243;][vc_column][mk_padding_divider size=&#8220;250&#8243;][mk_fancy_title color=&#8220;#666666&#8243; size=&#8220;34&#8243; letter_spacing=&#8220;3&#8243; font_family=&#8220;none&#8220; el_class=&#8220;schatten-headline&#8220;]Anwendungsbeispiele[\/mk_fancy_title][vc_column_text animation=&#8220;fade-in&#8220; el_class=&#8220;schatten-headline&#8220;] Als Inspiration finden Sie hier allerlei Anwendungsbeispiele f\u00fcr unsere Produkte. Ob mit FlexiLight Dauerkerzen, Tischleuchten oder auch Fl\u00fcssigwachseins\u00e4tzen. [\/vc_column_text][\/vc_column][\/mk_page_section][mk_page_section full_width=&#8220;true&#8220; padding_top=&#8220;0&#8243; padding_bottom=&#8220;0&#8243; sidebar=&#8220;sidebar-1&#8243;][vc_column][mk_portfolio style=&#8220;masonry&#8220; hover_scenarios=&#8220;light-zoomin&#8220; permalink_icon=&#8220;false&#8220; count=&#8220;-1&#8243; sortable_style=&#8220;outline&#8220; sortable_bg_color=&#8220;#ffffff&#8220; sortable_txt_color=&#8220;#c21718&#8243; pagination_style=&#8220;3&#8243; orderby=&#8220;rand&#8220; [&hellip;]<\/p>\n","protected":false},"author":1,"featured_media":0,"parent":12,"menu_order":0,"comment_status":"closed","ping_status":"closed","template":"","meta":{"_acf_changed":false,"content-type":"","_mo_disable_npp":"","inline_featured_image":false,"footnotes":""},"class_list":["post-256","page","type-page","status-publish","hentry"],"acf":[],"yoast_head":"<!-- This site is optimized with the Yoast SEO plugin v26.9 - https:\/\/yoast.com\/product\/yoast-seo-wordpress\/ -->\n<title>Anwendungsbeispiele &#8211; Kerzen f\u00fcr die Gastronomie &amp; Hotellerie<\/title>\n<meta name=\"description\" content=\"Als Inspiration finden Sie hier allerlei Anwendungsbeispiele unserer Produkte. Ob mit FlexiLight Dauerkerzen, Tischleuchten oder auch Fl\u00fcssigwachseins\u00e4tzen.\" \/>\n<meta name=\"robots\" content=\"index, follow, max-snippet:-1, max-image-preview:large, max-video-preview:-1\" \/>\n<link rel=\"canonical\" href=\"https:\/\/www.heliotron.com\/flexilight\/produkte\/anwendungsbeispiele\/\" \/>\n<meta property=\"og:locale\" content=\"de_DE\" \/>\n<meta property=\"og:type\" content=\"article\" \/>\n<meta property=\"og:title\" content=\"Anwendungsbeispiele &#8211; Kerzen f\u00fcr die Gastronomie &amp; Hotellerie\" \/>\n<meta property=\"og:description\" content=\"Als Inspiration finden Sie hier allerlei Anwendungsbeispiele unserer Produkte. Ob mit FlexiLight Dauerkerzen, Tischleuchten oder auch Fl\u00fcssigwachseins\u00e4tzen.\" \/>\n<meta property=\"og:url\" content=\"https:\/\/www.heliotron.com\/flexilight\/produkte\/anwendungsbeispiele\/\" \/>\n<meta property=\"og:site_name\" content=\"Kerzen f\u00fcr die Gastronomie &amp; Hotellerie\" \/>\n<meta property=\"article:publisher\" content=\"https:\/\/www.facebook.com\/heliotron\/\" \/>\n<meta property=\"article:modified_time\" content=\"2020-05-15T08:35:35+00:00\" \/>\n<meta name=\"twitter:card\" content=\"summary_large_image\" \/>\n<meta name=\"twitter:site\" content=\"@heliotron\" \/>\n<meta name=\"twitter:label1\" content=\"Gesch\u00e4tzte Lesezeit\" \/>\n\t<meta name=\"twitter:data1\" content=\"1\u00a0Minute\" \/>\n<script type=\"application\/ld+json\" class=\"yoast-schema-graph\">{\"@context\":\"https:\/\/schema.org\",\"@graph\":[{\"@type\":\"WebPage\",\"@id\":\"https:\/\/www.heliotron.com\/flexilight\/produkte\/anwendungsbeispiele\/\",\"url\":\"https:\/\/www.heliotron.com\/flexilight\/produkte\/anwendungsbeispiele\/\",\"name\":\"Anwendungsbeispiele &#8211; Kerzen f\u00fcr die Gastronomie &amp; Hotellerie\",\"isPartOf\":{\"@id\":\"https:\/\/www.heliotron.com\/flexilight\/#website\"},\"datePublished\":\"2015-08-05T09:37:30+00:00\",\"dateModified\":\"2020-05-15T08:35:35+00:00\",\"description\":\"Als Inspiration finden Sie hier allerlei Anwendungsbeispiele unserer Produkte. Ob mit FlexiLight Dauerkerzen, Tischleuchten oder auch Fl\u00fcssigwachseins\u00e4tzen.\",\"breadcrumb\":{\"@id\":\"https:\/\/www.heliotron.com\/flexilight\/produkte\/anwendungsbeispiele\/#breadcrumb\"},\"inLanguage\":\"de\",\"potentialAction\":[{\"@type\":\"ReadAction\",\"target\":[\"https:\/\/www.heliotron.com\/flexilight\/produkte\/anwendungsbeispiele\/\"]}]},{\"@type\":\"BreadcrumbList\",\"@id\":\"https:\/\/www.heliotron.com\/flexilight\/produkte\/anwendungsbeispiele\/#breadcrumb\",\"itemListElement\":[{\"@type\":\"ListItem\",\"position\":1,\"name\":\"Startseite\",\"item\":\"https:\/\/www.heliotron.com\/flexilight\/\"},{\"@type\":\"ListItem\",\"position\":2,\"name\":\"Produktkategorien\",\"item\":\"https:\/\/www.heliotron.com\/flexilight\/produkte\/\"},{\"@type\":\"ListItem\",\"position\":3,\"name\":\"Anwendungsbeispiele\"}]},{\"@type\":\"WebSite\",\"@id\":\"https:\/\/www.heliotron.com\/flexilight\/#website\",\"url\":\"https:\/\/www.heliotron.com\/flexilight\/\",\"name\":\"Kerzen f\u00fcr die Gastronomie &amp; Hotellerie\",\"description\":\"Hochwertige Kerzen f\u00fcr die Gastronomie &amp; Hotellerie\",\"publisher\":{\"@id\":\"https:\/\/www.heliotron.com\/flexilight\/#organization\"},\"potentialAction\":[{\"@type\":\"SearchAction\",\"target\":{\"@type\":\"EntryPoint\",\"urlTemplate\":\"https:\/\/www.heliotron.com\/flexilight\/?s={search_term_string}\"},\"query-input\":{\"@type\":\"PropertyValueSpecification\",\"valueRequired\":true,\"valueName\":\"search_term_string\"}}],\"inLanguage\":\"de\"},{\"@type\":\"Organization\",\"@id\":\"https:\/\/www.heliotron.com\/flexilight\/#organization\",\"name\":\"Kerzen f\u00fcr die Gastronomie &amp; Hotellerie\",\"url\":\"https:\/\/www.heliotron.com\/flexilight\/\",\"logo\":{\"@type\":\"ImageObject\",\"inLanguage\":\"de\",\"@id\":\"https:\/\/www.heliotron.com\/flexilight\/#\/schema\/logo\/image\/\",\"url\":\"https:\/\/www.heliotron.com\/flexilight\/wp-content\/uploads\/sites\/2\/flexilight_logo_grey_no_subline-1.svg\",\"contentUrl\":\"https:\/\/www.heliotron.com\/flexilight\/wp-content\/uploads\/sites\/2\/flexilight_logo_grey_no_subline-1.svg\",\"width\":329,\"height\":306,\"caption\":\"Kerzen f\u00fcr die Gastronomie &amp; Hotellerie\"},\"image\":{\"@id\":\"https:\/\/www.heliotron.com\/flexilight\/#\/schema\/logo\/image\/\"},\"sameAs\":[\"https:\/\/www.facebook.com\/heliotron\/\",\"https:\/\/x.com\/heliotron\"]}]}<\/script>\n<!-- \/ Yoast SEO plugin. -->","yoast_head_json":{"title":"Anwendungsbeispiele &#8211; Kerzen f\u00fcr die Gastronomie &amp; Hotellerie","description":"Als Inspiration finden Sie hier allerlei Anwendungsbeispiele unserer Produkte. Ob mit FlexiLight Dauerkerzen, Tischleuchten oder auch Fl\u00fcssigwachseins\u00e4tzen.","robots":{"index":"index","follow":"follow","max-snippet":"max-snippet:-1","max-image-preview":"max-image-preview:large","max-video-preview":"max-video-preview:-1"},"canonical":"https:\/\/www.heliotron.com\/flexilight\/produkte\/anwendungsbeispiele\/","og_locale":"de_DE","og_type":"article","og_title":"Anwendungsbeispiele &#8211; Kerzen f\u00fcr die Gastronomie &amp; Hotellerie","og_description":"Als Inspiration finden Sie hier allerlei Anwendungsbeispiele unserer Produkte. Ob mit FlexiLight Dauerkerzen, Tischleuchten oder auch Fl\u00fcssigwachseins\u00e4tzen.","og_url":"https:\/\/www.heliotron.com\/flexilight\/produkte\/anwendungsbeispiele\/","og_site_name":"Kerzen f\u00fcr die Gastronomie &amp; Hotellerie","article_publisher":"https:\/\/www.facebook.com\/heliotron\/","article_modified_time":"2020-05-15T08:35:35+00:00","twitter_card":"summary_large_image","twitter_site":"@heliotron","twitter_misc":{"Gesch\u00e4tzte Lesezeit":"1\u00a0Minute"},"schema":{"@context":"https:\/\/schema.org","@graph":[{"@type":"WebPage","@id":"https:\/\/www.heliotron.com\/flexilight\/produkte\/anwendungsbeispiele\/","url":"https:\/\/www.heliotron.com\/flexilight\/produkte\/anwendungsbeispiele\/","name":"Anwendungsbeispiele &#8211; Kerzen f\u00fcr die Gastronomie &amp; Hotellerie","isPartOf":{"@id":"https:\/\/www.heliotron.com\/flexilight\/#website"},"datePublished":"2015-08-05T09:37:30+00:00","dateModified":"2020-05-15T08:35:35+00:00","description":"Als Inspiration finden Sie hier allerlei Anwendungsbeispiele unserer Produkte. Ob mit FlexiLight Dauerkerzen, Tischleuchten oder auch Fl\u00fcssigwachseins\u00e4tzen.","breadcrumb":{"@id":"https:\/\/www.heliotron.com\/flexilight\/produkte\/anwendungsbeispiele\/#breadcrumb"},"inLanguage":"de","potentialAction":[{"@type":"ReadAction","target":["https:\/\/www.heliotron.com\/flexilight\/produkte\/anwendungsbeispiele\/"]}]},{"@type":"BreadcrumbList","@id":"https:\/\/www.heliotron.com\/flexilight\/produkte\/anwendungsbeispiele\/#breadcrumb","itemListElement":[{"@type":"ListItem","position":1,"name":"Startseite","item":"https:\/\/www.heliotron.com\/flexilight\/"},{"@type":"ListItem","position":2,"name":"Produktkategorien","item":"https:\/\/www.heliotron.com\/flexilight\/produkte\/"},{"@type":"ListItem","position":3,"name":"Anwendungsbeispiele"}]},{"@type":"WebSite","@id":"https:\/\/www.heliotron.com\/flexilight\/#website","url":"https:\/\/www.heliotron.com\/flexilight\/","name":"Kerzen f\u00fcr die Gastronomie &amp; Hotellerie","description":"Hochwertige Kerzen f\u00fcr die Gastronomie &amp; Hotellerie","publisher":{"@id":"https:\/\/www.heliotron.com\/flexilight\/#organization"},"potentialAction":[{"@type":"SearchAction","target":{"@type":"EntryPoint","urlTemplate":"https:\/\/www.heliotron.com\/flexilight\/?s={search_term_string}"},"query-input":{"@type":"PropertyValueSpecification","valueRequired":true,"valueName":"search_term_string"}}],"inLanguage":"de"},{"@type":"Organization","@id":"https:\/\/www.heliotron.com\/flexilight\/#organization","name":"Kerzen f\u00fcr die Gastronomie &amp; Hotellerie","url":"https:\/\/www.heliotron.com\/flexilight\/","logo":{"@type":"ImageObject","inLanguage":"de","@id":"https:\/\/www.heliotron.com\/flexilight\/#\/schema\/logo\/image\/","url":"https:\/\/www.heliotron.com\/flexilight\/wp-content\/uploads\/sites\/2\/flexilight_logo_grey_no_subline-1.svg","contentUrl":"https:\/\/www.heliotron.com\/flexilight\/wp-content\/uploads\/sites\/2\/flexilight_logo_grey_no_subline-1.svg","width":329,"height":306,"caption":"Kerzen f\u00fcr die Gastronomie &amp; Hotellerie"},"image":{"@id":"https:\/\/www.heliotron.com\/flexilight\/#\/schema\/logo\/image\/"},"sameAs":["https:\/\/www.facebook.com\/heliotron\/","https:\/\/x.com\/heliotron"]}]}},"_links":{"self":[{"href":"https:\/\/www.heliotron.com\/flexilight\/wp-json\/wp\/v2\/pages\/256","targetHints":{"allow":["GET"]}}],"collection":[{"href":"https:\/\/www.heliotron.com\/flexilight\/wp-json\/wp\/v2\/pages"}],"about":[{"href":"https:\/\/www.heliotron.com\/flexilight\/wp-json\/wp\/v2\/types\/page"}],"author":[{"embeddable":true,"href":"https:\/\/www.heliotron.com\/flexilight\/wp-json\/wp\/v2\/users\/1"}],"replies":[{"embeddable":true,"href":"https:\/\/www.heliotron.com\/flexilight\/wp-json\/wp\/v2\/comments?post=256"}],"version-history":[{"count":4,"href":"https:\/\/www.heliotron.com\/flexilight\/wp-json\/wp\/v2\/pages\/256\/revisions"}],"predecessor-version":[{"id":4360,"href":"https:\/\/www.heliotron.com\/flexilight\/wp-json\/wp\/v2\/pages\/256\/revisions\/4360"}],"up":[{"embeddable":true,"href":"https:\/\/www.heliotron.com\/flexilight\/wp-json\/wp\/v2\/pages\/12"}],"wp:attachment":[{"href":"https:\/\/www.heliotron.com\/flexilight\/wp-json\/wp\/v2\/media?parent=256"}],"curies":[{"name":"wp","href":"https:\/\/api.w.org\/{rel}","templated":true}]}}