{"id":4180,"date":"2020-05-02T16:22:34","date_gmt":"2020-05-02T14:22:34","guid":{"rendered":"https:\/\/www.heliotron.com\/flexilight\/?page_id=4180"},"modified":"2020-05-02T16:32:17","modified_gmt":"2020-05-02T14:32:17","slug":"led-teststellung","status":"publish","type":"page","link":"https:\/\/www.heliotron.com\/flexilight\/led-teststellung\/","title":{"rendered":"FlexiLight LED Teststellung anfordern"},"content":{"rendered":"[mk_page_section bg_image=&#8220;https:\/\/www.heliotron.com\/flexilight\/wp-content\/uploads\/sites\/2\/lowpoly_bg_flexilight_cmyk.jpg&#8220; bg_color=&#8220;#000000&#8243; bg_position=&#8220;center center&#8220; bg_repeat=&#8220;no-repeat&#8220; bg_stretch=&#8220;true&#8220; min_height=&#8220;810&#8243; full_height=&#8220;true&#8220; top_shape_color=&#8220;#ffffff&#8220; bottom_shape_color=&#8220;#ffffff&#8220; section_id=&#8220;muster&#8220; sidebar=&#8220;sidebar-1&#8243;][vc_column width=&#8220;1\/6&#8243;][\/vc_column][vc_column width=&#8220;2\/3&#8243;][mk_padding_divider size=&#8220;100&#8243;][mk_fancy_title color=&#8220;#ffffff&#8220; size=&#8220;34&#8243; font_weight=&#8220;300&#8243; font_style=&#8220;normal&#8220; txt_transform=&#8220;uppercase&#8220; letter_spacing=&#8220;3&#8243; font_family=&#8220;none&#8220; animation=&#8220;fade-in&#8220;]FlexiLight LED Teststellung anfordern[\/mk_fancy_title][vc_column_text animation=&#8220;fade-in&#8220; css=&#8220;.vc_custom_1588429519925{margin-bottom: 0px !important;}&#8220;]<span style=\"color: #ffffff;\">Fordern Sie jetzt unsere <strong style=\"color: #fff;\">FlexiLight LED-Kerzen<\/strong> als <strong style=\"color: #fff;\">unverbindliche 30-t\u00e4gige Teststellung<\/strong> an. Gef\u00e4llt Ihnen das Produkt, behalten Sie es und bezahlen Sie den Rechnungsbetrag. Gef\u00e4llt es Ihnen nicht, so senden Sie es innerhalb von 30 Tagen an uns zur\u00fcck und es entstehen Ihnen keinerlei Kosten.<\/span><\/p>\n<p><span style=\"color: #ffffff;\">Um einen reibungslosen Versand Ihrer Teststellung zu gew\u00e4hrleisten, bitten wir Sie s\u00e4mtliche Felder vollst\u00e4ndig auszuf\u00fcllen.<\/span>[\/vc_column_text]\n<div class=\"wpcf7 no-js\" id=\"wpcf7-f4179-o1\" lang=\"de-DE\" dir=\"ltr\" data-wpcf7-id=\"4179\">\n<div class=\"screen-reader-response\"><p role=\"status\" aria-live=\"polite\" aria-atomic=\"true\"><\/p> <ul><\/ul><\/div>\n<form action=\"\/flexilight\/wp-json\/wp\/v2\/pages\/4180#wpcf7-f4179-o1\" method=\"post\" class=\"wpcf7-form init\" aria-label=\"Kontaktformular\" novalidate=\"novalidate\" data-status=\"init\">\n<fieldset class=\"hidden-fields-container\"><input type=\"hidden\" name=\"_wpcf7\" value=\"4179\" \/><input type=\"hidden\" name=\"_wpcf7_version\" value=\"6.1.5\" \/><input type=\"hidden\" name=\"_wpcf7_locale\" value=\"de_DE\" \/><input type=\"hidden\" name=\"_wpcf7_unit_tag\" value=\"wpcf7-f4179-o1\" \/><input type=\"hidden\" name=\"_wpcf7_container_post\" value=\"0\" \/><input type=\"hidden\" name=\"_wpcf7_posted_data_hash\" value=\"\" \/><input type=\"hidden\" name=\"_wpcf7dtx_version\" value=\"5.0.4\" \/><input type=\"hidden\" name=\"_wpcf7_recaptcha_response\" value=\"\" \/>\n<\/fieldset>\n<div class=\"contact_detail_wrapper\">\n\t<div class=\"form_cstm\">\n\t\t<div class=\"frm_grp full\">\n\t\t\t<p><span class=\"wpcf7-form-control-wrap\" data-name=\"firma\"><input size=\"40\" maxlength=\"400\" class=\"wpcf7-form-control wpcf7-text wpcf7-validates-as-required\" aria-required=\"true\" aria-invalid=\"false\" placeholder=\"Name Ihrer Firma \/ Ihres Gewerbes*\" value=\"\" type=\"text\" name=\"firma\" \/><\/span>\n\t\t\t<\/p>\n\t\t<\/div>\n\t\t<div class=\"frm_grp\">\n\t\t\t<p><span class=\"wpcf7-form-control-wrap\" data-name=\"your-name\"><input size=\"40\" maxlength=\"400\" class=\"wpcf7-form-control wpcf7-text wpcf7-validates-as-required\" aria-required=\"true\" aria-invalid=\"false\" placeholder=\"Ihr Name*\" value=\"\" type=\"text\" name=\"your-name\" \/><\/span>\n\t\t\t<\/p>\n\t\t<\/div>\n\t\t<div class=\"frm_grp\">\n\t\t\t<p><span class=\"wpcf7-form-control-wrap\" data-name=\"your-email\"><input size=\"40\" maxlength=\"400\" class=\"wpcf7-form-control wpcf7-email wpcf7-validates-as-required wpcf7-text wpcf7-validates-as-email\" aria-required=\"true\" aria-invalid=\"false\" placeholder=\"Ihre E-Mail Adresse*\" value=\"\" type=\"email\" name=\"your-email\" \/><\/span>\n\t\t\t<\/p>\n\t\t<\/div>\n\t\t<div class=\"frm_grp full\">\n\t\t\t<p><span class=\"wpcf7-form-control-wrap\" data-name=\"Telefon\"><input size=\"40\" maxlength=\"400\" class=\"wpcf7-form-control wpcf7-tel wpcf7-validates-as-required wpcf7-text wpcf7-validates-as-tel\" aria-required=\"true\" aria-invalid=\"false\" placeholder=\"Ihre Telefonnummer*\" value=\"\" type=\"tel\" name=\"Telefon\" \/><\/span>\n\t\t\t<\/p>\n\t\t<\/div>\n\t\t<div class=\"frm_grp\">\n\t\t\t<p><span class=\"wpcf7-form-control-wrap\" data-name=\"StrasseHausnr\"><input size=\"40\" maxlength=\"400\" class=\"wpcf7-form-control wpcf7-text wpcf7-validates-as-required\" aria-required=\"true\" aria-invalid=\"false\" placeholder=\"Strasse und Hausnummer*\" value=\"\" type=\"text\" name=\"StrasseHausnr\" \/><\/span>\n\t\t\t<\/p>\n\t\t<\/div>\n\t\t<div class=\"frm_grp\">\n\t\t\t<p><span class=\"wpcf7-form-control-wrap\" data-name=\"PLZundOrt\"><input size=\"40\" maxlength=\"400\" class=\"wpcf7-form-control wpcf7-text wpcf7-validates-as-required\" aria-required=\"true\" aria-invalid=\"false\" placeholder=\"Postleitzahl und Ort*\" value=\"\" type=\"text\" name=\"PLZundOrt\" \/><\/span>\n\t\t\t<\/p>\n\t\t<\/div>\n\t\t<div class=\"frm_grp full\">\n\t\t\t<p><b style=\"color:white\">Welches Produkt w\u00fcnschen Sie f\u00fcr die kostenlose 30-t\u00e4gige Teststellung?<\/b><br \/>\n<span class=\"wpcf7-form-control-wrap\" data-name=\"Produkt\"><select class=\"wpcf7-form-control wpcf7-select wpcf7-validates-as-required\" aria-required=\"true\" aria-invalid=\"false\" name=\"Produkt\"><option value=\"Smart Lamp Induction\">Smart Lamp Induction<\/option><option value=\"Platinum Induction\">Platinum Induction<\/option><option value=\"Platinum PIN\">Platinum PIN<\/option><\/select><\/span>\n\t\t\t<\/p>\n\t\t<\/div>\n\t\t<div class=\"frm_grp full\">\n\t\t\t<p><b style=\"color:white\">Wie viele LED-Kerzen m\u00f6chten Sie kostenlos Testen?<\/b><br \/>\n<span class=\"wpcf7-form-control-wrap\" data-name=\"Anzahl\"><select class=\"wpcf7-form-control wpcf7-select wpcf7-validates-as-required\" aria-required=\"true\" aria-invalid=\"false\" name=\"Anzahl\"><option value=\"12 Kerzen (1 Set)\">12 Kerzen (1 Set)<\/option><option value=\"24 Kerzen (2 Sets)\">24 Kerzen (2 Sets)<\/option><option value=\"36 Kerzen (3 Sets)\">36 Kerzen (3 Sets)<\/option><option value=\"48 Kerzen (4 Sets)\">48 Kerzen (4 Sets)<\/option><option value=\"60 Kerzen (5 Sets)\">60 Kerzen (5 Sets)<\/option><option value=\"72 Kerzen (6 Sets)\">72 Kerzen (6 Sets)<\/option><option value=\"84 Kerzen (7 Sets)\">84 Kerzen (7 Sets)<\/option><option value=\"96 Kerzen (8 Sets)\">96 Kerzen (8 Sets)<\/option><\/select><\/span>\n\t\t\t<\/p>\n\t\t<\/div>\n\t\t<div class=\"frm_grp full\">\n\t\t\t<p><span class=\"wpcf7-form-control-wrap\" data-name=\"Betreff\"><textarea cols=\"40\" rows=\"10\" maxlength=\"2000\" class=\"wpcf7-form-control wpcf7-textarea\" aria-invalid=\"false\" placeholder=\"Falls Sie noch weitere W\u00fcnsche oder Anmerkungen haben, tragen Sie diese bitte hier ein.\" name=\"Betreff\"><\/textarea><\/span>\n\t\t\t<\/p>\n\t\t<\/div>\n\t\t<div class=\"frm_text full sdk-cnf\">\n\t\t\t<p><span class=\"wpcf7-form-control-wrap\" data-name=\"acceptance-601\"><span class=\"wpcf7-form-control wpcf7-acceptance\"><span class=\"wpcf7-list-item\"><input type=\"checkbox\" name=\"acceptance-601\" value=\"1\" id=\"privacychk\" aria-invalid=\"false\" \/><\/span><\/span><\/span>Ich stimme der <a href=\"https:\/\/www.heliotron.com\/datenschutz\">Datenschutzerkl\u00e4rung<\/a> zu.\n\t\t\t<\/p>\n\t\t<\/div>\n\t\t<div class=\"frm_text full sdk-cnf\">\n\t\t\t<p><span class=\"wpcf7-form-control-wrap\" data-name=\"gewerbe\"><span class=\"wpcf7-form-control wpcf7-checkbox wpcf7-validates-as-required\"><span class=\"wpcf7-list-item first last\"><input type=\"checkbox\" name=\"gewerbe[]\" value=\"Hiermit best\u00e4tige ich, gewerbetreibend zu sein oder im Namen oder im Auftrag einer Gastronomie oder eines Hotels zu handeln\" \/><span class=\"wpcf7-list-item-label\">Hiermit best\u00e4tige ich, gewerbetreibend zu sein oder im Namen oder im Auftrag einer Gastronomie oder eines Hotels zu handeln<\/span><\/span><\/span><\/span>\n\t\t\t<\/p>\n\t\t<\/div>\n\t\t<div class=\"frm_captch full\">\n\t\t\n\t\t<\/div>\n\t<input class=\"wpcf7-form-control wpcf7-hidden\" value=\"kc_human\" type=\"hidden\" name=\"kc_captcha\" \/>\n\t\t<div class=\"frm_submit full\">\n\t\t\t<p><input class=\"wpcf7-form-control wpcf7-submit has-spinner\" type=\"submit\" value=\"30-t\u00e4gige Teststellung bestellen\" \/>\n\t\t\t<\/p>\n\t\t<\/div>\n\t<\/div>\n<\/div><input type='hidden' class='wpcf7-pum' value='{\"closepopup\":true,\"closedelay\":2000,\"openpopup\":true,\"openpopup_id\":3500}' \/><div class=\"wpcf7-response-output\" aria-hidden=\"true\"><\/div>\n<\/form>\n<\/div>\n[mk_padding_divider size=&#8220;80&#8243;][\/vc_column][vc_column width=&#8220;1\/6&#8243;][\/vc_column][\/mk_page_section][mk_page_section bg_color=&#8220;#c21718&#8243; top_shadow=&#8220;true&#8220; min_height=&#8220;0&#8243; sidebar=&#8220;sidebar-1&#8243;][vc_column width=&#8220;2\/3&#8243;][mk_padding_divider size=&#8220;35&#8243;][mk_fancy_title color=&#8220;#ffffff&#8220; size=&#8220;24&#8243; txt_transform=&#8220;uppercase&#8220; letter_spacing=&#8220;3&#8243; margin_bottom=&#8220;0&#8243; font_family=&#8220;none&#8220; align=&#8220;right&#8220;]Hier gehts zu unseren weiteren Produktkategorien[\/mk_fancy_title][\/vc_column][vc_column width=&#8220;1\/3&#8243;][mk_padding_divider size=&#8220;37&#8243;][mk_button dimension=&#8220;outline&#8220; size=&#8220;large&#8220; url=&#8220;\/flexilight\/produktkategorien\/&#8220; outline_skin=&#8220;light&#8220;]Produktkategorien[\/mk_button][\/vc_column][\/mk_page_section]\n","protected":false},"excerpt":{"rendered":"<p>[mk_page_section bg_image=&#8220;https:\/\/www.heliotron.com\/flexilight\/wp-content\/uploads\/sites\/2\/lowpoly_bg_flexilight_cmyk.jpg&#8220; bg_color=&#8220;#000000&#8243; bg_position=&#8220;center center&#8220; bg_repeat=&#8220;no-repeat&#8220; bg_stretch=&#8220;true&#8220; min_height=&#8220;810&#8243; full_height=&#8220;true&#8220; top_shape_color=&#8220;#ffffff&#8220; bottom_shape_color=&#8220;#ffffff&#8220; section_id=&#8220;muster&#8220; sidebar=&#8220;sidebar-1&#8243;][vc_column width=&#8220;1\/6&#8243;][\/vc_column][vc_column width=&#8220;2\/3&#8243;][mk_padding_divider size=&#8220;100&#8243;][mk_fancy_title color=&#8220;#ffffff&#8220; size=&#8220;34&#8243; font_weight=&#8220;300&#8243; font_style=&#8220;normal&#8220; txt_transform=&#8220;uppercase&#8220; letter_spacing=&#8220;3&#8243; font_family=&#8220;none&#8220; animation=&#8220;fade-in&#8220;]FlexiLight LED Teststellung anfordern[\/mk_fancy_title][vc_column_text animation=&#8220;fade-in&#8220; css=&#8220;.vc_custom_1588429519925{margin-bottom: 0px !important;}&#8220;]Fordern Sie jetzt unsere FlexiLight LED-Kerzen als unverbindliche 30-t\u00e4gige Teststellung an. Gef\u00e4llt Ihnen das Produkt, behalten Sie es und bezahlen [&hellip;]<\/p>\n","protected":false},"author":1,"featured_media":0,"parent":0,"menu_order":0,"comment_status":"closed","ping_status":"closed","template":"","meta":{"_acf_changed":false,"content-type":"","_mo_disable_npp":"","inline_featured_image":false,"footnotes":""},"class_list":["post-4180","page","type-page","status-publish","hentry"],"acf":[],"yoast_head":"<!-- This site is optimized with the Yoast SEO plugin v26.9 - https:\/\/yoast.com\/product\/yoast-seo-wordpress\/ -->\n<title>FlexiLight LED - 30-t\u00e4gige Teststellung anfordern! FlexiLight LED-Teelichte!<\/title>\n<meta name=\"description\" content=\"Bestellen Sie hier Ihre unverbindliche Teststellung der original FlexiLight\u00ae LED-Kerzen zur 30-t\u00e4gigen Erprobung. Kostenfrei!\" \/>\n<meta name=\"robots\" content=\"index, follow, max-snippet:-1, max-image-preview:large, max-video-preview:-1\" \/>\n<link rel=\"canonical\" href=\"https:\/\/www.heliotron.com\/flexilight\/led-teststellung\/\" \/>\n<meta property=\"og:locale\" content=\"de_DE\" \/>\n<meta property=\"og:type\" content=\"article\" \/>\n<meta property=\"og:title\" content=\"FlexiLight LED - 30-t\u00e4gige Teststellung anfordern! FlexiLight LED-Teelichte!\" \/>\n<meta property=\"og:description\" content=\"Bestellen Sie hier Ihre unverbindliche Teststellung der original FlexiLight\u00ae LED-Kerzen zur 30-t\u00e4gigen Erprobung. Kostenfrei!\" \/>\n<meta property=\"og:url\" content=\"https:\/\/www.heliotron.com\/flexilight\/led-teststellung\/\" \/>\n<meta property=\"og:site_name\" content=\"Kerzen f\u00fcr die Gastronomie &amp; Hotellerie\" \/>\n<meta property=\"article:publisher\" content=\"https:\/\/www.facebook.com\/heliotron\/\" \/>\n<meta property=\"article:modified_time\" content=\"2020-05-02T14:32:17+00:00\" \/>\n<meta name=\"twitter:card\" content=\"summary_large_image\" \/>\n<meta name=\"twitter:site\" content=\"@heliotron\" \/>\n<meta name=\"twitter:label1\" content=\"Gesch\u00e4tzte Lesezeit\" \/>\n\t<meta name=\"twitter:data1\" content=\"1\u00a0Minute\" \/>\n<script type=\"application\/ld+json\" class=\"yoast-schema-graph\">{\"@context\":\"https:\/\/schema.org\",\"@graph\":[{\"@type\":\"WebPage\",\"@id\":\"https:\/\/www.heliotron.com\/flexilight\/led-teststellung\/\",\"url\":\"https:\/\/www.heliotron.com\/flexilight\/led-teststellung\/\",\"name\":\"FlexiLight LED - 30-t\u00e4gige Teststellung anfordern! FlexiLight LED-Teelichte!\",\"isPartOf\":{\"@id\":\"https:\/\/www.heliotron.com\/flexilight\/#website\"},\"datePublished\":\"2020-05-02T14:22:34+00:00\",\"dateModified\":\"2020-05-02T14:32:17+00:00\",\"description\":\"Bestellen Sie hier Ihre unverbindliche Teststellung der original FlexiLight\u00ae LED-Kerzen zur 30-t\u00e4gigen Erprobung. Kostenfrei!\",\"breadcrumb\":{\"@id\":\"https:\/\/www.heliotron.com\/flexilight\/led-teststellung\/#breadcrumb\"},\"inLanguage\":\"de\",\"potentialAction\":[{\"@type\":\"ReadAction\",\"target\":[\"https:\/\/www.heliotron.com\/flexilight\/led-teststellung\/\"]}]},{\"@type\":\"BreadcrumbList\",\"@id\":\"https:\/\/www.heliotron.com\/flexilight\/led-teststellung\/#breadcrumb\",\"itemListElement\":[{\"@type\":\"ListItem\",\"position\":1,\"name\":\"Startseite\",\"item\":\"https:\/\/www.heliotron.com\/flexilight\/\"},{\"@type\":\"ListItem\",\"position\":2,\"name\":\"FlexiLight LED Teststellung anfordern\"}]},{\"@type\":\"WebSite\",\"@id\":\"https:\/\/www.heliotron.com\/flexilight\/#website\",\"url\":\"https:\/\/www.heliotron.com\/flexilight\/\",\"name\":\"Kerzen f\u00fcr die Gastronomie &amp; Hotellerie\",\"description\":\"Hochwertige Kerzen f\u00fcr die Gastronomie &amp; Hotellerie\",\"publisher\":{\"@id\":\"https:\/\/www.heliotron.com\/flexilight\/#organization\"},\"potentialAction\":[{\"@type\":\"SearchAction\",\"target\":{\"@type\":\"EntryPoint\",\"urlTemplate\":\"https:\/\/www.heliotron.com\/flexilight\/?s={search_term_string}\"},\"query-input\":{\"@type\":\"PropertyValueSpecification\",\"valueRequired\":true,\"valueName\":\"search_term_string\"}}],\"inLanguage\":\"de\"},{\"@type\":\"Organization\",\"@id\":\"https:\/\/www.heliotron.com\/flexilight\/#organization\",\"name\":\"Kerzen f\u00fcr die Gastronomie &amp; Hotellerie\",\"url\":\"https:\/\/www.heliotron.com\/flexilight\/\",\"logo\":{\"@type\":\"ImageObject\",\"inLanguage\":\"de\",\"@id\":\"https:\/\/www.heliotron.com\/flexilight\/#\/schema\/logo\/image\/\",\"url\":\"https:\/\/www.heliotron.com\/flexilight\/wp-content\/uploads\/sites\/2\/flexilight_logo_grey_no_subline-1.svg\",\"contentUrl\":\"https:\/\/www.heliotron.com\/flexilight\/wp-content\/uploads\/sites\/2\/flexilight_logo_grey_no_subline-1.svg\",\"width\":329,\"height\":306,\"caption\":\"Kerzen f\u00fcr die Gastronomie &amp; Hotellerie\"},\"image\":{\"@id\":\"https:\/\/www.heliotron.com\/flexilight\/#\/schema\/logo\/image\/\"},\"sameAs\":[\"https:\/\/www.facebook.com\/heliotron\/\",\"https:\/\/x.com\/heliotron\"]}]}<\/script>\n<!-- \/ Yoast SEO plugin. -->","yoast_head_json":{"title":"FlexiLight LED - 30-t\u00e4gige Teststellung anfordern! FlexiLight LED-Teelichte!","description":"Bestellen Sie hier Ihre unverbindliche Teststellung der original FlexiLight\u00ae LED-Kerzen zur 30-t\u00e4gigen Erprobung. Kostenfrei!","robots":{"index":"index","follow":"follow","max-snippet":"max-snippet:-1","max-image-preview":"max-image-preview:large","max-video-preview":"max-video-preview:-1"},"canonical":"https:\/\/www.heliotron.com\/flexilight\/led-teststellung\/","og_locale":"de_DE","og_type":"article","og_title":"FlexiLight LED - 30-t\u00e4gige Teststellung anfordern! FlexiLight LED-Teelichte!","og_description":"Bestellen Sie hier Ihre unverbindliche Teststellung der original FlexiLight\u00ae LED-Kerzen zur 30-t\u00e4gigen Erprobung. Kostenfrei!","og_url":"https:\/\/www.heliotron.com\/flexilight\/led-teststellung\/","og_site_name":"Kerzen f\u00fcr die Gastronomie &amp; Hotellerie","article_publisher":"https:\/\/www.facebook.com\/heliotron\/","article_modified_time":"2020-05-02T14:32:17+00:00","twitter_card":"summary_large_image","twitter_site":"@heliotron","twitter_misc":{"Gesch\u00e4tzte Lesezeit":"1\u00a0Minute"},"schema":{"@context":"https:\/\/schema.org","@graph":[{"@type":"WebPage","@id":"https:\/\/www.heliotron.com\/flexilight\/led-teststellung\/","url":"https:\/\/www.heliotron.com\/flexilight\/led-teststellung\/","name":"FlexiLight LED - 30-t\u00e4gige Teststellung anfordern! FlexiLight LED-Teelichte!","isPartOf":{"@id":"https:\/\/www.heliotron.com\/flexilight\/#website"},"datePublished":"2020-05-02T14:22:34+00:00","dateModified":"2020-05-02T14:32:17+00:00","description":"Bestellen Sie hier Ihre unverbindliche Teststellung der original FlexiLight\u00ae LED-Kerzen zur 30-t\u00e4gigen Erprobung. Kostenfrei!","breadcrumb":{"@id":"https:\/\/www.heliotron.com\/flexilight\/led-teststellung\/#breadcrumb"},"inLanguage":"de","potentialAction":[{"@type":"ReadAction","target":["https:\/\/www.heliotron.com\/flexilight\/led-teststellung\/"]}]},{"@type":"BreadcrumbList","@id":"https:\/\/www.heliotron.com\/flexilight\/led-teststellung\/#breadcrumb","itemListElement":[{"@type":"ListItem","position":1,"name":"Startseite","item":"https:\/\/www.heliotron.com\/flexilight\/"},{"@type":"ListItem","position":2,"name":"FlexiLight LED Teststellung anfordern"}]},{"@type":"WebSite","@id":"https:\/\/www.heliotron.com\/flexilight\/#website","url":"https:\/\/www.heliotron.com\/flexilight\/","name":"Kerzen f\u00fcr die Gastronomie &amp; Hotellerie","description":"Hochwertige Kerzen f\u00fcr die Gastronomie &amp; Hotellerie","publisher":{"@id":"https:\/\/www.heliotron.com\/flexilight\/#organization"},"potentialAction":[{"@type":"SearchAction","target":{"@type":"EntryPoint","urlTemplate":"https:\/\/www.heliotron.com\/flexilight\/?s={search_term_string}"},"query-input":{"@type":"PropertyValueSpecification","valueRequired":true,"valueName":"search_term_string"}}],"inLanguage":"de"},{"@type":"Organization","@id":"https:\/\/www.heliotron.com\/flexilight\/#organization","name":"Kerzen f\u00fcr die Gastronomie &amp; Hotellerie","url":"https:\/\/www.heliotron.com\/flexilight\/","logo":{"@type":"ImageObject","inLanguage":"de","@id":"https:\/\/www.heliotron.com\/flexilight\/#\/schema\/logo\/image\/","url":"https:\/\/www.heliotron.com\/flexilight\/wp-content\/uploads\/sites\/2\/flexilight_logo_grey_no_subline-1.svg","contentUrl":"https:\/\/www.heliotron.com\/flexilight\/wp-content\/uploads\/sites\/2\/flexilight_logo_grey_no_subline-1.svg","width":329,"height":306,"caption":"Kerzen f\u00fcr die Gastronomie &amp; Hotellerie"},"image":{"@id":"https:\/\/www.heliotron.com\/flexilight\/#\/schema\/logo\/image\/"},"sameAs":["https:\/\/www.facebook.com\/heliotron\/","https:\/\/x.com\/heliotron"]}]}},"_links":{"self":[{"href":"https:\/\/www.heliotron.com\/flexilight\/wp-json\/wp\/v2\/pages\/4180","targetHints":{"allow":["GET"]}}],"collection":[{"href":"https:\/\/www.heliotron.com\/flexilight\/wp-json\/wp\/v2\/pages"}],"about":[{"href":"https:\/\/www.heliotron.com\/flexilight\/wp-json\/wp\/v2\/types\/page"}],"author":[{"embeddable":true,"href":"https:\/\/www.heliotron.com\/flexilight\/wp-json\/wp\/v2\/users\/1"}],"replies":[{"embeddable":true,"href":"https:\/\/www.heliotron.com\/flexilight\/wp-json\/wp\/v2\/comments?post=4180"}],"version-history":[{"count":3,"href":"https:\/\/www.heliotron.com\/flexilight\/wp-json\/wp\/v2\/pages\/4180\/revisions"}],"predecessor-version":[{"id":4184,"href":"https:\/\/www.heliotron.com\/flexilight\/wp-json\/wp\/v2\/pages\/4180\/revisions\/4184"}],"wp:attachment":[{"href":"https:\/\/www.heliotron.com\/flexilight\/wp-json\/wp\/v2\/media?parent=4180"}],"curies":[{"name":"wp","href":"https:\/\/api.w.org\/{rel}","templated":true}]}}